{"id":33,"date":"2021-02-02T22:12:22","date_gmt":"2021-02-02T22:12:22","guid":{"rendered":"http:\/\/carlinaleon.flywheelsites.com\/?page_id=33"},"modified":"2025-09-08T00:30:30","modified_gmt":"2025-09-08T00:30:30","slug":"contact","status":"publish","type":"page","link":"https:\/\/carlinaleon.com\/es\/contact\/","title":{"rendered":"Contacto"},"content":{"rendered":"<div data-elementor-type=\"wp-page\" data-elementor-id=\"33\" class=\"elementor elementor-33\" data-elementor-post-type=\"page\">\n\t\t\t\t\t\t<section class=\"elementor-section elementor-top-section elementor-element elementor-element-35c32ad8 elementor-section-height-min-height elementor-section-boxed elementor-section-height-default elementor-section-items-middle\" data-id=\"35c32ad8\" data-element_type=\"section\" data-settings=\"{&quot;background_background&quot;:&quot;classic&quot;}\">\n\t\t\t\t\t\t\t<div class=\"elementor-background-overlay\"><\/div>\n\t\t\t\t\t\t\t<div class=\"elementor-container elementor-column-gap-no\">\n\t\t\t\t\t<div class=\"elementor-column elementor-col-100 elementor-top-column elementor-element elementor-element-77ab6017\" data-id=\"77ab6017\" data-element_type=\"column\">\n\t\t\t<div class=\"elementor-widget-wrap elementor-element-populated\">\n\t\t\t\t\t\t<div class=\"elementor-element elementor-element-31a82868 elementor-widget elementor-widget-heading\" data-id=\"31a82868\" data-element_type=\"widget\" data-widget_type=\"heading.default\">\n\t\t\t\t<div class=\"elementor-widget-container\">\n\t\t\t\t\t<h1 class=\"elementor-heading-title elementor-size-large\">Cont\u00e1ctame<\/h1>\t\t\t\t<\/div>\n\t\t\t\t<\/div>\n\t\t\t\t<div class=\"elementor-element elementor-element-7644e1dc elementor-widget elementor-widget-heading\" data-id=\"7644e1dc\" data-element_type=\"widget\" data-widget_type=\"heading.default\">\n\t\t\t\t<div class=\"elementor-widget-container\">\n\t\t\t\t\t<h2 class=\"elementor-heading-title elementor-size-large\">Estaremos encantados de ayudarle y asesorarle si tiene alguna pregunta o consulta.<\/h2>\t\t\t\t<\/div>\n\t\t\t\t<\/div>\n\t\t\t\t<div class=\"elementor-element elementor-element-ce5af2b elementor-widget elementor-widget-spacer\" data-id=\"ce5af2b\" data-element_type=\"widget\" data-widget_type=\"spacer.default\">\n\t\t\t\t<div class=\"elementor-widget-container\">\n\t\t\t\t\t\t\t<div class=\"elementor-spacer\">\n\t\t\t<div class=\"elementor-spacer-inner\"><\/div>\n\t\t<\/div>\n\t\t\t\t\t\t<\/div>\n\t\t\t\t<\/div>\n\t\t\t\t\t<\/div>\n\t\t<\/div>\n\t\t\t\t\t<\/div>\n\t\t<\/section>\n\t\t\t\t<section class=\"elementor-section elementor-top-section elementor-element elementor-element-813e5f0 elementor-section-boxed elementor-section-height-default elementor-section-height-default\" data-id=\"813e5f0\" data-element_type=\"section\">\n\t\t\t\t\t\t<div class=\"elementor-container elementor-column-gap-default\">\n\t\t\t\t\t<div class=\"elementor-column elementor-col-100 elementor-top-column elementor-element elementor-element-1f0274bf\" data-id=\"1f0274bf\" data-element_type=\"column\" data-settings=\"{&quot;background_background&quot;:&quot;classic&quot;}\">\n\t\t\t<div class=\"elementor-widget-wrap elementor-element-populated\">\n\t\t\t\t\t\t<div class=\"elementor-element elementor-element-1e84f250 elementor-widget elementor-widget-heading\" data-id=\"1e84f250\" data-element_type=\"widget\" data-widget_type=\"heading.default\">\n\t\t\t\t<div class=\"elementor-widget-container\">\n\t\t\t\t\t<h4 class=\"elementor-heading-title elementor-size-large\">Estoy aqu\u00ed para ayudar y responder cualquier pregunta que pueda tener. <\/h4>\t\t\t\t<\/div>\n\t\t\t\t<\/div>\n\t\t\t\t<div class=\"elementor-element elementor-element-308bc469 elementor-button-align-stretch elementor-widget elementor-widget-form\" data-id=\"308bc469\" data-element_type=\"widget\" data-settings=\"{&quot;step_next_label&quot;:&quot;Next&quot;,&quot;step_previous_label&quot;:&quot;Previous&quot;,&quot;button_width&quot;:&quot;100&quot;,&quot;step_type&quot;:&quot;number_text&quot;,&quot;step_icon_shape&quot;:&quot;circle&quot;}\" data-widget_type=\"form.default\">\n\t\t\t\t<div class=\"elementor-widget-container\">\n\t\t\t\t\t\t\t<form class=\"elementor-form\" method=\"post\" name=\"Contact Us\" aria-label=\"Contact Us\" action=\"\">\n\t\t\t<input type=\"hidden\" name=\"post_id\" value=\"33\"\/>\n\t\t\t<input type=\"hidden\" name=\"form_id\" value=\"308bc469\"\/>\n\t\t\t<input type=\"hidden\" name=\"referer_title\" value=\"Contact - Carlina Leon\" \/>\n\n\t\t\t\t\t\t\t<input type=\"hidden\" name=\"queried_id\" value=\"33\"\/>\n\t\t\t\n\t\t\t<div class=\"elementor-form-fields-wrapper elementor-labels-\">\n\t\t\t\t\t\t\t\t<div class=\"elementor-field-type-text elementor-field-group elementor-column elementor-field-group-jdr7jm1 elementor-col-33\">\n\t\t\t\t\t\t\t\t\t\t\t\t<label for=\"form-field-jdr7jm1\" class=\"elementor-field-label elementor-screen-only\">\n\t\t\t\t\t\t\t\tNombre\t\t\t\t\t\t\t<\/label>\n\t\t\t\t\t\t\t\t\t\t\t\t\t\t<input size=\"1\" type=\"text\" name=\"form_fields[jdr7jm1]\" id=\"form-field-jdr7jm1\" class=\"elementor-field elementor-size-sm  elementor-field-textual\" placeholder=\"Nombre\">\n\t\t\t\t\t\t\t\t\t\t\t<\/div>\n\t\t\t\t\t\t\t\t<div class=\"elementor-field-type-email elementor-field-group elementor-column elementor-field-group-3c53yru elementor-col-33 elementor-field-required\">\n\t\t\t\t\t\t\t\t\t\t\t\t<label for=\"form-field-3c53yru\" class=\"elementor-field-label elementor-screen-only\">\n\t\t\t\t\t\t\t\tCorreo electr\u00f3nico\t\t\t\t\t\t\t<\/label>\n\t\t\t\t\t\t\t\t\t\t\t\t\t\t<input size=\"1\" type=\"email\" name=\"form_fields[3c53yru]\" id=\"form-field-3c53yru\" class=\"elementor-field elementor-size-sm  elementor-field-textual\" placeholder=\"Correo electr\u00f3nico\" required=\"required\">\n\t\t\t\t\t\t\t\t\t\t\t<\/div>\n\t\t\t\t\t\t\t\t<div class=\"elementor-field-type-number elementor-field-group elementor-column elementor-field-group-kzmkdqm elementor-col-33 elementor-field-required\">\n\t\t\t\t\t\t\t\t\t\t\t\t<label for=\"form-field-kzmkdqm\" class=\"elementor-field-label elementor-screen-only\">\n\t\t\t\t\t\t\t\tTel\u00e9fono\t\t\t\t\t\t\t<\/label>\n\t\t\t\t\t\t\t\t\t<input type=\"number\" name=\"form_fields[kzmkdqm]\" id=\"form-field-kzmkdqm\" class=\"elementor-field elementor-size-sm  elementor-field-textual\" placeholder=\"Tel\u00e9fono\" required=\"required\" min=\"\" max=\"\" >\n\t\t\t\t\t\t<\/div>\n\t\t\t\t\t\t\t\t<div class=\"elementor-field-type-textarea elementor-field-group elementor-column elementor-field-group-dc2gl8g elementor-col-100\">\n\t\t\t\t\t\t\t\t\t\t\t\t<label for=\"form-field-dc2gl8g\" class=\"elementor-field-label elementor-screen-only\">\n\t\t\t\t\t\t\t\tMensaje\t\t\t\t\t\t\t<\/label>\n\t\t\t\t\t\t<textarea class=\"elementor-field-textual elementor-field  elementor-size-sm\" name=\"form_fields[dc2gl8g]\" id=\"form-field-dc2gl8g\" rows=\"8\" placeholder=\"Mensaje\"><\/textarea>\t\t\t\t<\/div>\n\t\t\t\t\t\t\t\t<div class=\"elementor-field-group elementor-column elementor-field-type-submit elementor-col-100 e-form__buttons\">\n\t\t\t\t\t<button class=\"elementor-button elementor-size-sm\" type=\"submit\">\n\t\t\t\t\t\t<span class=\"elementor-button-content-wrapper\">\n\t\t\t\t\t\t\t\t\t\t\t\t\t\t\t\t\t\t\t\t\t\t<span class=\"elementor-button-text\">Enviar<\/span>\n\t\t\t\t\t\t\t\t\t\t\t\t\t<\/span>\n\t\t\t\t\t<\/button>\n\t\t\t\t<\/div>\n\t\t\t<\/div>\n\t\t<input type=\"hidden\" name=\"trp-form-language\" value=\"es\"\/><\/form>\n\t\t\t\t\t\t<\/div>\n\t\t\t\t<\/div>\n\t\t\t\t\t<\/div>\n\t\t<\/div>\n\t\t\t\t\t<\/div>\n\t\t<\/section>\n\t\t\t\t<section class=\"elementor-section elementor-top-section elementor-element elementor-element-2baf792 elementor-hidden-phone elementor-section-boxed elementor-section-height-default elementor-section-height-default\" data-id=\"2baf792\" data-element_type=\"section\">\n\t\t\t\t\t\t<div class=\"elementor-container elementor-column-gap-default\">\n\t\t\t\t\t<div class=\"elementor-column elementor-col-100 elementor-top-column elementor-element elementor-element-fd260da\" data-id=\"fd260da\" data-element_type=\"column\">\n\t\t\t<div class=\"elementor-widget-wrap elementor-element-populated\">\n\t\t\t\t\t\t<div class=\"elementor-element elementor-element-ef62132 elementor-widget elementor-widget-spacer\" data-id=\"ef62132\" data-element_type=\"widget\" data-widget_type=\"spacer.default\">\n\t\t\t\t<div class=\"elementor-widget-container\">\n\t\t\t\t\t\t\t<div class=\"elementor-spacer\">\n\t\t\t<div class=\"elementor-spacer-inner\"><\/div>\n\t\t<\/div>\n\t\t\t\t\t\t<\/div>\n\t\t\t\t<\/div>\n\t\t\t\t\t<\/div>\n\t\t<\/div>\n\t\t\t\t\t<\/div>\n\t\t<\/section>\n\t\t\t\t<section class=\"elementor-section elementor-top-section elementor-element elementor-element-87fa669 elementor-section-boxed elementor-section-height-default elementor-section-height-default\" data-id=\"87fa669\" data-element_type=\"section\">\n\t\t\t\t\t\t<div class=\"elementor-container elementor-column-gap-default\">\n\t\t\t\t\t<div class=\"elementor-column elementor-col-100 elementor-top-column elementor-element elementor-element-6ec6dfc\" data-id=\"6ec6dfc\" data-element_type=\"column\">\n\t\t\t<div class=\"elementor-widget-wrap\">\n\t\t\t\t\t\t\t<\/div>\n\t\t<\/div>\n\t\t\t\t\t<\/div>\n\t\t<\/section>\n\t\t\t\t<section class=\"elementor-section elementor-top-section elementor-element elementor-element-2419d0c elementor-section-boxed elementor-section-height-default elementor-section-height-default\" data-id=\"2419d0c\" data-element_type=\"section\">\n\t\t\t\t\t\t<div class=\"elementor-container elementor-column-gap-default\">\n\t\t\t\t\t<div class=\"elementor-column elementor-col-100 elementor-top-column elementor-element elementor-element-a8a1064\" data-id=\"a8a1064\" data-element_type=\"column\">\n\t\t\t<div class=\"elementor-widget-wrap elementor-element-populated\">\n\t\t\t\t\t\t<div class=\"elementor-element elementor-element-1f430da elementor-widget elementor-widget-text-editor\" data-id=\"1f430da\" data-element_type=\"widget\" data-widget_type=\"text-editor.default\">\n\t\t\t\t<div class=\"elementor-widget-container\">\n\t\t\t\t\t\t\t\t\t<p><b>Al proporcionar un n\u00famero de tel\u00e9fono y enviar el formulario, acepta ser contactado por SMS y nuestra Pol\u00edtica de Privacidad, y confirma que tiene 18 a\u00f1os o m\u00e1s. La frecuencia de los mensajes puede variar. Se pueden aplicar tarifas por mensajes y datos. Responda \"STOP\" para dejar de recibir mensajes. Responda \"HELP\" para obtener m\u00e1s informaci\u00f3n.<\/b><\/p><p><span dir=\"auto\" style=\"vertical-align: inherit;\"><span dir=\"auto\" style=\"vertical-align: inherit;\">.<\/span><\/span><\/p>\t\t\t\t\t\t\t\t<\/div>\n\t\t\t\t<\/div>\n\t\t\t\t\t<\/div>\n\t\t<\/div>\n\t\t\t\t\t<\/div>\n\t\t<\/section>\n\t\t\t\t<section class=\"elementor-section elementor-top-section elementor-element elementor-element-41be558 elementor-section-boxed elementor-section-height-default elementor-section-height-default\" data-id=\"41be558\" data-element_type=\"section\">\n\t\t\t\t\t\t<div class=\"elementor-container elementor-column-gap-default\">\n\t\t\t\t\t<div class=\"elementor-column elementor-col-50 elementor-top-column elementor-element elementor-element-a3fee28\" data-id=\"a3fee28\" data-element_type=\"column\">\n\t\t\t<div class=\"elementor-widget-wrap\">\n\t\t\t\t\t\t\t<\/div>\n\t\t<\/div>\n\t\t\t\t<div class=\"elementor-column elementor-col-50 elementor-top-column elementor-element elementor-element-6709da7\" data-id=\"6709da7\" data-element_type=\"column\">\n\t\t\t<div class=\"elementor-widget-wrap\">\n\t\t\t\t\t\t\t<\/div>\n\t\t<\/div>\n\t\t\t\t\t<\/div>\n\t\t<\/section>\n\t\t\t\t<section class=\"elementor-section elementor-top-section elementor-element elementor-element-ed2263c elementor-section-boxed elementor-section-height-default elementor-section-height-default\" data-id=\"ed2263c\" data-element_type=\"section\">\n\t\t\t\t\t\t<div class=\"elementor-container elementor-column-gap-default\">\n\t\t\t\t\t<div class=\"elementor-column elementor-col-100 elementor-top-column elementor-element elementor-element-f80795c\" data-id=\"f80795c\" data-element_type=\"column\">\n\t\t\t<div class=\"elementor-widget-wrap\">\n\t\t\t\t\t\t\t<\/div>\n\t\t<\/div>\n\t\t\t\t\t<\/div>\n\t\t<\/section>\n\t\t\t\t<\/div>","protected":false},"excerpt":{"rendered":"<p>Get in Touch We would be happy to help and advise if you have any questions or inquiries. I&#8217;m here to help, and to answer any questions you may have. By providing a telephone number and submitting the form, you consent to be contacted by SMS text message and agree to our Privacy Policy, and &#8230; <a title=\"Contacto\" class=\"read-more\" href=\"https:\/\/carlinaleon.com\/es\/contact\/\" aria-label=\"M\u00e1s en Contact\">Leer m\u00e1s<\/a><\/p>","protected":false},"author":1,"featured_media":0,"parent":0,"menu_order":0,"comment_status":"closed","ping_status":"closed","template":"elementor_header_footer","meta":{"om_disable_all_campaigns":false,"footnotes":""},"class_list":["post-33","page","type-page","status-publish"],"yoast_head":"<!-- This site is optimized with the Yoast SEO plugin v27.2 - https:\/\/yoast.com\/product\/yoast-seo-wordpress\/ -->\n<title>Contact - Carlina Leon<\/title>\n<meta name=\"robots\" content=\"index, follow, max-snippet:-1, max-image-preview:large, max-video-preview:-1\" \/>\n<link rel=\"canonical\" href=\"https:\/\/carlinaleon.com\/es\/contact\/\" \/>\n<meta property=\"og:locale\" content=\"es_MX\" \/>\n<meta property=\"og:type\" content=\"article\" \/>\n<meta property=\"og:title\" content=\"Contact - Carlina Leon\" \/>\n<meta property=\"og:description\" content=\"Get in Touch We would be happy to help and advise if you have any questions or inquiries. I&#8217;m here to help, and to answer any questions you may have. By providing a telephone number and submitting the form, you consent to be contacted by SMS text message and agree to our Privacy Policy, and ... Leer m\u00e1s\" \/>\n<meta property=\"og:url\" content=\"https:\/\/carlinaleon.com\/es\/contact\/\" \/>\n<meta property=\"og:site_name\" content=\"Carlina Leon\" \/>\n<meta property=\"article:modified_time\" content=\"2025-09-08T00:30:30+00:00\" \/>\n<meta name=\"twitter:card\" content=\"summary_large_image\" \/>\n<meta name=\"twitter:label1\" content=\"Est. reading time\" \/>\n\t<meta name=\"twitter:data1\" content=\"1 minuto\" \/>\n<script type=\"application\/ld+json\" class=\"yoast-schema-graph\">{\"@context\":\"https:\/\/schema.org\",\"@graph\":[{\"@type\":\"WebPage\",\"@id\":\"https:\/\/carlinaleon.com\/contact\/\",\"url\":\"https:\/\/carlinaleon.com\/contact\/\",\"name\":\"Contact - Carlina Leon\",\"isPartOf\":{\"@id\":\"https:\/\/carlinaleon.com\/#website\"},\"datePublished\":\"2021-02-02T22:12:22+00:00\",\"dateModified\":\"2025-09-08T00:30:30+00:00\",\"breadcrumb\":{\"@id\":\"https:\/\/carlinaleon.com\/contact\/#breadcrumb\"},\"inLanguage\":\"es-MX\",\"potentialAction\":[{\"@type\":\"ReadAction\",\"target\":[\"https:\/\/carlinaleon.com\/contact\/\"]}]},{\"@type\":\"BreadcrumbList\",\"@id\":\"https:\/\/carlinaleon.com\/contact\/#breadcrumb\",\"itemListElement\":[{\"@type\":\"ListItem\",\"position\":1,\"name\":\"Home\",\"item\":\"https:\/\/carlinaleon.com\/\"},{\"@type\":\"ListItem\",\"position\":2,\"name\":\"Contact\"}]},{\"@type\":\"WebSite\",\"@id\":\"https:\/\/carlinaleon.com\/#website\",\"url\":\"https:\/\/carlinaleon.com\/\",\"name\":\"Carlina Leon - Psychological Trauma And Victimology Expert\",\"description\":\"Psychological Trauma And Victimology Expert\",\"publisher\":{\"@id\":\"https:\/\/carlinaleon.com\/#organization\"},\"potentialAction\":[{\"@type\":\"SearchAction\",\"target\":{\"@type\":\"EntryPoint\",\"urlTemplate\":\"https:\/\/carlinaleon.com\/?s={search_term_string}\"},\"query-input\":{\"@type\":\"PropertyValueSpecification\",\"valueRequired\":true,\"valueName\":\"search_term_string\"}}],\"inLanguage\":\"es-MX\"},{\"@type\":\"Organization\",\"@id\":\"https:\/\/carlinaleon.com\/#organization\",\"name\":\"Carlina Leon Therapist\",\"url\":\"https:\/\/carlinaleon.com\/\",\"logo\":{\"@type\":\"ImageObject\",\"inLanguage\":\"es-MX\",\"@id\":\"https:\/\/carlinaleon.com\/#\/schema\/logo\/image\/\",\"url\":\"https:\/\/carlinaleon.com\/wp-content\/uploads\/2021\/02\/cropped-Screen-Shot-2021-01-30-at-8.54.50-PM.png\",\"contentUrl\":\"https:\/\/carlinaleon.com\/wp-content\/uploads\/2021\/02\/cropped-Screen-Shot-2021-01-30-at-8.54.50-PM.png\",\"width\":774,\"height\":516,\"caption\":\"Carlina Leon Therapist\"},\"image\":{\"@id\":\"https:\/\/carlinaleon.com\/#\/schema\/logo\/image\/\"}}]}<\/script>\n<!-- \/ Yoast SEO plugin. -->","yoast_head_json":{"title":"Contact - Carlina Leon","robots":{"index":"index","follow":"follow","max-snippet":"max-snippet:-1","max-image-preview":"max-image-preview:large","max-video-preview":"max-video-preview:-1"},"canonical":"https:\/\/carlinaleon.com\/es\/contact\/","og_locale":"es_MX","og_type":"article","og_title":"Contact - Carlina Leon","og_description":"Get in Touch We would be happy to help and advise if you have any questions or inquiries. I&#8217;m here to help, and to answer any questions you may have. By providing a telephone number and submitting the form, you consent to be contacted by SMS text message and agree to our Privacy Policy, and ... Leer m\u00e1s","og_url":"https:\/\/carlinaleon.com\/es\/contact\/","og_site_name":"Carlina Leon","article_modified_time":"2025-09-08T00:30:30+00:00","twitter_card":"summary_large_image","twitter_misc":{"Est. reading time":"1 minuto"},"schema":{"@context":"https:\/\/schema.org","@graph":[{"@type":"WebPage","@id":"https:\/\/carlinaleon.com\/contact\/","url":"https:\/\/carlinaleon.com\/contact\/","name":"Contact - Carlina Leon","isPartOf":{"@id":"https:\/\/carlinaleon.com\/#website"},"datePublished":"2021-02-02T22:12:22+00:00","dateModified":"2025-09-08T00:30:30+00:00","breadcrumb":{"@id":"https:\/\/carlinaleon.com\/contact\/#breadcrumb"},"inLanguage":"es-MX","potentialAction":[{"@type":"ReadAction","target":["https:\/\/carlinaleon.com\/contact\/"]}]},{"@type":"BreadcrumbList","@id":"https:\/\/carlinaleon.com\/contact\/#breadcrumb","itemListElement":[{"@type":"ListItem","position":1,"name":"Home","item":"https:\/\/carlinaleon.com\/"},{"@type":"ListItem","position":2,"name":"Contact"}]},{"@type":"WebSite","@id":"https:\/\/carlinaleon.com\/#website","url":"https:\/\/carlinaleon.com\/","name":"Carlina Leon - Psychological Trauma And Victimology Expert","description":"Psychological Trauma And Victimology Expert","publisher":{"@id":"https:\/\/carlinaleon.com\/#organization"},"potentialAction":[{"@type":"SearchAction","target":{"@type":"EntryPoint","urlTemplate":"https:\/\/carlinaleon.com\/?s={search_term_string}"},"query-input":{"@type":"PropertyValueSpecification","valueRequired":true,"valueName":"search_term_string"}}],"inLanguage":"es-MX"},{"@type":"Organization","@id":"https:\/\/carlinaleon.com\/#organization","name":"Carlina Leon Therapist","url":"https:\/\/carlinaleon.com\/","logo":{"@type":"ImageObject","inLanguage":"es-MX","@id":"https:\/\/carlinaleon.com\/#\/schema\/logo\/image\/","url":"https:\/\/carlinaleon.com\/wp-content\/uploads\/2021\/02\/cropped-Screen-Shot-2021-01-30-at-8.54.50-PM.png","contentUrl":"https:\/\/carlinaleon.com\/wp-content\/uploads\/2021\/02\/cropped-Screen-Shot-2021-01-30-at-8.54.50-PM.png","width":774,"height":516,"caption":"Carlina Leon Therapist"},"image":{"@id":"https:\/\/carlinaleon.com\/#\/schema\/logo\/image\/"}}]}},"_links":{"self":[{"href":"https:\/\/carlinaleon.com\/es\/wp-json\/wp\/v2\/pages\/33","targetHints":{"allow":["GET"]}}],"collection":[{"href":"https:\/\/carlinaleon.com\/es\/wp-json\/wp\/v2\/pages"}],"about":[{"href":"https:\/\/carlinaleon.com\/es\/wp-json\/wp\/v2\/types\/page"}],"author":[{"embeddable":true,"href":"https:\/\/carlinaleon.com\/es\/wp-json\/wp\/v2\/users\/1"}],"replies":[{"embeddable":true,"href":"https:\/\/carlinaleon.com\/es\/wp-json\/wp\/v2\/comments?post=33"}],"version-history":[{"count":5,"href":"https:\/\/carlinaleon.com\/es\/wp-json\/wp\/v2\/pages\/33\/revisions"}],"predecessor-version":[{"id":1773,"href":"https:\/\/carlinaleon.com\/es\/wp-json\/wp\/v2\/pages\/33\/revisions\/1773"}],"wp:attachment":[{"href":"https:\/\/carlinaleon.com\/es\/wp-json\/wp\/v2\/media?parent=33"}],"curies":[{"name":"wp","href":"https:\/\/api.w.org\/{rel}","templated":true}]}}